{"id":7,"date":"2024-04-17T14:53:31","date_gmt":"2024-04-17T12:53:31","guid":{"rendered":"http:\/\/dl-bau.de\/?page_id=7"},"modified":"2024-11-23T10:51:17","modified_gmt":"2024-11-23T09:51:17","slug":"startseite","status":"publish","type":"page","link":"https:\/\/dl-bau.de\/","title":{"rendered":"Startseite"},"content":{"rendered":"\n<figure class=\"wp-block-image alignwide size-large\"><img loading=\"lazy\" decoding=\"async\" width=\"1024\" height=\"438\" src=\"https:\/\/dl-bau.de\/wp-content\/uploads\/2024\/04\/bild_startseite-1024x438.png\" alt=\"\" class=\"wp-image-80\" srcset=\"https:\/\/dl-bau.de\/wp-content\/uploads\/2024\/04\/bild_startseite-1024x438.png 1024w, https:\/\/dl-bau.de\/wp-content\/uploads\/2024\/04\/bild_startseite-300x128.png 300w, https:\/\/dl-bau.de\/wp-content\/uploads\/2024\/04\/bild_startseite-768x328.png 768w, https:\/\/dl-bau.de\/wp-content\/uploads\/2024\/04\/bild_startseite-1536x656.png 1536w, https:\/\/dl-bau.de\/wp-content\/uploads\/2024\/04\/bild_startseite-2048x875.png 2048w\" sizes=\"auto, (max-width: 1024px) 100vw, 1024px\" \/><\/figure>\n\n\n\n<p><\/p>\n\n\n\n<p class=\"has-text-align-center has-medium-font-size\"><strong>Wir sind Ihr Partner am Bau und bieten Ihnen die besten Voraussetzungen f\u00fcr eine optimale Projektumsetzung.<\/strong><\/p>\n\n\n\n<p class=\"has-text-align-center has-black-color has-text-color has-link-color wp-elements-5c9673bdd13268864f3d86ff3b49689a\"><strong>Die Anforderungen in der Baubranche sind in den vergangenen Jahren st\u00e4ndig gestiegen. Sicherheit, Wirtschaftlichkeit, Umweltschutz und nicht zuletzt enge Termine f\u00fcr die Ausf\u00fchrung sind nur ein paar Herausforderungen, denen wir uns heute stellen m\u00fcssen.<\/strong><\/p>\n\n\n\n<!-- PAGE VISITS COUNTER - DARK -->\n<div id=\"strcpv-page-counter\">N\/A<\/div>\n<style>\n#strcpv-page-counter {\ntext-align: left;\n}\n#strcpv-page-counter p {\ndisplay: inline-block !important;\npadding-top: 0 !important;\npadding-bottom: 0 !important;\npadding-left: 5px !important;\npadding-right: 1px !important;\nletter-spacing: 5px !important;\nbackground-color: black !important;\ncolor: white !important;\nborder-radius: 4px !important;\nfont-weight: bold !important;\nfont-size: 12px !important;\n}\n<\/style>\n","protected":false},"excerpt":{"rendered":"<p>Wir sind Ihr Partner am Bau und bieten Ihnen die besten Voraussetzungen f\u00fcr eine optimale Projektumsetzung. Die Anforderungen in der<\/p>\n","protected":false},"author":1,"featured_media":0,"parent":0,"menu_order":0,"comment_status":"closed","ping_status":"closed","template":"","meta":{"pgc_sgb_lightbox_settings":"","footnotes":""},"class_list":["post-7","page","type-page","status-publish","hentry"],"_links":{"self":[{"href":"https:\/\/dl-bau.de\/index.php?rest_route=\/wp\/v2\/pages\/7","targetHints":{"allow":["GET"]}}],"collection":[{"href":"https:\/\/dl-bau.de\/index.php?rest_route=\/wp\/v2\/pages"}],"about":[{"href":"https:\/\/dl-bau.de\/index.php?rest_route=\/wp\/v2\/types\/page"}],"author":[{"embeddable":true,"href":"https:\/\/dl-bau.de\/index.php?rest_route=\/wp\/v2\/users\/1"}],"replies":[{"embeddable":true,"href":"https:\/\/dl-bau.de\/index.php?rest_route=%2Fwp%2Fv2%2Fcomments&post=7"}],"version-history":[{"count":10,"href":"https:\/\/dl-bau.de\/index.php?rest_route=\/wp\/v2\/pages\/7\/revisions"}],"predecessor-version":[{"id":370,"href":"https:\/\/dl-bau.de\/index.php?rest_route=\/wp\/v2\/pages\/7\/revisions\/370"}],"wp:attachment":[{"href":"https:\/\/dl-bau.de\/index.php?rest_route=%2Fwp%2Fv2%2Fmedia&parent=7"}],"curies":[{"name":"wp","href":"https:\/\/api.w.org\/{rel}","templated":true}]}}